{"id":386,"date":"2025-01-14T12:03:54","date_gmt":"2025-01-14T11:03:54","guid":{"rendered":"https:\/\/www.flavouredspirits.com\/our-objective\/"},"modified":"2025-12-01T14:22:19","modified_gmt":"2025-12-01T13:22:19","slug":"our-objective","status":"publish","type":"page","link":"https:\/\/www.flavouredspirits.com\/fr\/","title":{"rendered":"Notre\u00a0objectif"},"content":{"rendered":"","protected":false},"excerpt":{"rendered":"","protected":false},"author":1,"featured_media":0,"parent":0,"menu_order":0,"comment_status":"closed","ping_status":"closed","template":"","meta":{"_acf_changed":false,"inline_featured_image":false,"footnotes":""},"class_list":["post-386","page","type-page","status-publish","hentry"],"acf":[],"yoast_head":"<!-- This site is optimized with the Yoast SEO plugin v27.4 - https:\/\/yoast.com\/product\/yoast-seo-wordpress\/ -->\n<title>Producteur de concentr\u00e9s de fruits pour spiritueux | Flavouredspirits<\/title>\n<meta name=\"description\" content=\"Partez \u00e0 la rencontre de la gamme Flavoured Spirits, producteur de concentr\u00e9s de fruits pour spiritueux D\u00e9couvrez nos concentr\u00e9s sans pectine, sp\u00e9cialement con\u00e7us pour une large vari\u00e9t\u00e9 de spiritueux et parfaitement adapt\u00e9s \u00e0 vos besoins !\" \/>\n<meta name=\"robots\" content=\"index, follow, max-snippet:-1, max-image-preview:large, max-video-preview:-1\" \/>\n<link rel=\"canonical\" href=\"https:\/\/www.flavouredspirits.com\/fr\/\" \/>\n<meta property=\"og:locale\" content=\"fr_FR\" \/>\n<meta property=\"og:type\" content=\"article\" \/>\n<meta property=\"og:title\" content=\"Producteur de concentr\u00e9s de fruits pour spiritueux | Flavouredspirits\" \/>\n<meta property=\"og:description\" content=\"Partez \u00e0 la rencontre de la gamme Flavoured Spirits, producteur de concentr\u00e9s de fruits pour spiritueux D\u00e9couvrez nos concentr\u00e9s sans pectine, sp\u00e9cialement con\u00e7us pour une large vari\u00e9t\u00e9 de spiritueux et parfaitement adapt\u00e9s \u00e0 vos besoins !\" \/>\n<meta property=\"og:url\" content=\"https:\/\/www.flavouredspirits.com\/fr\/\" \/>\n<meta property=\"og:site_name\" content=\"Flavouredspirits\" \/>\n<meta property=\"article:modified_time\" content=\"2025-12-01T13:22:19+00:00\" \/>\n<meta name=\"twitter:card\" content=\"summary_large_image\" \/>\n<script type=\"application\/ld+json\" class=\"yoast-schema-graph\">{\"@context\":\"https:\\\/\\\/schema.org\",\"@graph\":[{\"@type\":\"WebPage\",\"@id\":\"https:\\\/\\\/www.flavouredspirits.com\\\/fr\\\/\",\"url\":\"https:\\\/\\\/www.flavouredspirits.com\\\/fr\\\/\",\"name\":\"Producteur de concentr\u00e9s de fruits pour spiritueux | Flavouredspirits\",\"isPartOf\":{\"@id\":\"https:\\\/\\\/www.flavouredspirits.com\\\/pl\\\/#website\"},\"datePublished\":\"2025-01-14T11:03:54+00:00\",\"dateModified\":\"2025-12-01T13:22:19+00:00\",\"description\":\"Partez \u00e0 la rencontre de la gamme Flavoured Spirits, producteur de concentr\u00e9s de fruits pour spiritueux D\u00e9couvrez nos concentr\u00e9s sans pectine, sp\u00e9cialement con\u00e7us pour une large vari\u00e9t\u00e9 de spiritueux et parfaitement adapt\u00e9s \u00e0 vos besoins !\",\"breadcrumb\":{\"@id\":\"https:\\\/\\\/www.flavouredspirits.com\\\/fr\\\/#breadcrumb\"},\"inLanguage\":\"fr-FR\",\"potentialAction\":[{\"@type\":\"ReadAction\",\"target\":[\"https:\\\/\\\/www.flavouredspirits.com\\\/fr\\\/\"]}]},{\"@type\":\"BreadcrumbList\",\"@id\":\"https:\\\/\\\/www.flavouredspirits.com\\\/fr\\\/#breadcrumb\",\"itemListElement\":[{\"@type\":\"ListItem\",\"position\":1,\"name\":\"Home\",\"item\":\"https:\\\/\\\/www.flavouredspirits.com\\\/fr\\\/\"},{\"@type\":\"ListItem\",\"position\":2,\"name\":\"Notre\u00a0objectif\"}]},{\"@type\":\"WebSite\",\"@id\":\"https:\\\/\\\/www.flavouredspirits.com\\\/pl\\\/#website\",\"url\":\"https:\\\/\\\/www.flavouredspirits.com\\\/pl\\\/\",\"name\":\"Flavouredspirits\",\"description\":\"Pr\u00e9miov\u00e9 ovocn\u00e9 koncentr\u00e1ty pro nezapomenuteln\u00e9 lihoviny!\",\"publisher\":{\"@id\":\"https:\\\/\\\/www.flavouredspirits.com\\\/pl\\\/#organization\"},\"potentialAction\":[{\"@type\":\"SearchAction\",\"target\":{\"@type\":\"EntryPoint\",\"urlTemplate\":\"https:\\\/\\\/www.flavouredspirits.com\\\/pl\\\/?s={search_term_string}\"},\"query-input\":{\"@type\":\"PropertyValueSpecification\",\"valueRequired\":true,\"valueName\":\"search_term_string\"}}],\"inLanguage\":\"fr-FR\"},{\"@type\":\"Organization\",\"@id\":\"https:\\\/\\\/www.flavouredspirits.com\\\/pl\\\/#organization\",\"name\":\"Flavouredspirits\",\"url\":\"https:\\\/\\\/www.flavouredspirits.com\\\/pl\\\/\",\"logo\":{\"@type\":\"ImageObject\",\"inLanguage\":\"fr-FR\",\"@id\":\"https:\\\/\\\/www.flavouredspirits.com\\\/pl\\\/#\\\/schema\\\/logo\\\/image\\\/\",\"url\":\"https:\\\/\\\/www.flavouredspirits.com\\\/wp-content\\\/uploads\\\/2025\\\/01\\\/logo-2.svg\",\"contentUrl\":\"https:\\\/\\\/www.flavouredspirits.com\\\/wp-content\\\/uploads\\\/2025\\\/01\\\/logo-2.svg\",\"width\":2528,\"height\":484,\"caption\":\"Flavouredspirits\"},\"image\":{\"@id\":\"https:\\\/\\\/www.flavouredspirits.com\\\/pl\\\/#\\\/schema\\\/logo\\\/image\\\/\"}}]}<\/script>\n<!-- \/ Yoast SEO plugin. -->","yoast_head_json":{"title":"Producteur de concentr\u00e9s de fruits pour spiritueux | Flavouredspirits","description":"Partez \u00e0 la rencontre de la gamme Flavoured Spirits, producteur de concentr\u00e9s de fruits pour spiritueux D\u00e9couvrez nos concentr\u00e9s sans pectine, sp\u00e9cialement con\u00e7us pour une large vari\u00e9t\u00e9 de spiritueux et parfaitement adapt\u00e9s \u00e0 vos besoins !","robots":{"index":"index","follow":"follow","max-snippet":"max-snippet:-1","max-image-preview":"max-image-preview:large","max-video-preview":"max-video-preview:-1"},"canonical":"https:\/\/www.flavouredspirits.com\/fr\/","og_locale":"fr_FR","og_type":"article","og_title":"Producteur de concentr\u00e9s de fruits pour spiritueux | Flavouredspirits","og_description":"Partez \u00e0 la rencontre de la gamme Flavoured Spirits, producteur de concentr\u00e9s de fruits pour spiritueux D\u00e9couvrez nos concentr\u00e9s sans pectine, sp\u00e9cialement con\u00e7us pour une large vari\u00e9t\u00e9 de spiritueux et parfaitement adapt\u00e9s \u00e0 vos besoins !","og_url":"https:\/\/www.flavouredspirits.com\/fr\/","og_site_name":"Flavouredspirits","article_modified_time":"2025-12-01T13:22:19+00:00","twitter_card":"summary_large_image","schema":{"@context":"https:\/\/schema.org","@graph":[{"@type":"WebPage","@id":"https:\/\/www.flavouredspirits.com\/fr\/","url":"https:\/\/www.flavouredspirits.com\/fr\/","name":"Producteur de concentr\u00e9s de fruits pour spiritueux | Flavouredspirits","isPartOf":{"@id":"https:\/\/www.flavouredspirits.com\/pl\/#website"},"datePublished":"2025-01-14T11:03:54+00:00","dateModified":"2025-12-01T13:22:19+00:00","description":"Partez \u00e0 la rencontre de la gamme Flavoured Spirits, producteur de concentr\u00e9s de fruits pour spiritueux D\u00e9couvrez nos concentr\u00e9s sans pectine, sp\u00e9cialement con\u00e7us pour une large vari\u00e9t\u00e9 de spiritueux et parfaitement adapt\u00e9s \u00e0 vos besoins !","breadcrumb":{"@id":"https:\/\/www.flavouredspirits.com\/fr\/#breadcrumb"},"inLanguage":"fr-FR","potentialAction":[{"@type":"ReadAction","target":["https:\/\/www.flavouredspirits.com\/fr\/"]}]},{"@type":"BreadcrumbList","@id":"https:\/\/www.flavouredspirits.com\/fr\/#breadcrumb","itemListElement":[{"@type":"ListItem","position":1,"name":"Home","item":"https:\/\/www.flavouredspirits.com\/fr\/"},{"@type":"ListItem","position":2,"name":"Notre\u00a0objectif"}]},{"@type":"WebSite","@id":"https:\/\/www.flavouredspirits.com\/pl\/#website","url":"https:\/\/www.flavouredspirits.com\/pl\/","name":"Flavouredspirits","description":"Pr\u00e9miov\u00e9 ovocn\u00e9 koncentr\u00e1ty pro nezapomenuteln\u00e9 lihoviny!","publisher":{"@id":"https:\/\/www.flavouredspirits.com\/pl\/#organization"},"potentialAction":[{"@type":"SearchAction","target":{"@type":"EntryPoint","urlTemplate":"https:\/\/www.flavouredspirits.com\/pl\/?s={search_term_string}"},"query-input":{"@type":"PropertyValueSpecification","valueRequired":true,"valueName":"search_term_string"}}],"inLanguage":"fr-FR"},{"@type":"Organization","@id":"https:\/\/www.flavouredspirits.com\/pl\/#organization","name":"Flavouredspirits","url":"https:\/\/www.flavouredspirits.com\/pl\/","logo":{"@type":"ImageObject","inLanguage":"fr-FR","@id":"https:\/\/www.flavouredspirits.com\/pl\/#\/schema\/logo\/image\/","url":"https:\/\/www.flavouredspirits.com\/wp-content\/uploads\/2025\/01\/logo-2.svg","contentUrl":"https:\/\/www.flavouredspirits.com\/wp-content\/uploads\/2025\/01\/logo-2.svg","width":2528,"height":484,"caption":"Flavouredspirits"},"image":{"@id":"https:\/\/www.flavouredspirits.com\/pl\/#\/schema\/logo\/image\/"}}]}},"_links":{"self":[{"href":"https:\/\/www.flavouredspirits.com\/fr\/wp-json\/wp\/v2\/pages\/386","targetHints":{"allow":["GET"]}}],"collection":[{"href":"https:\/\/www.flavouredspirits.com\/fr\/wp-json\/wp\/v2\/pages"}],"about":[{"href":"https:\/\/www.flavouredspirits.com\/fr\/wp-json\/wp\/v2\/types\/page"}],"author":[{"embeddable":true,"href":"https:\/\/www.flavouredspirits.com\/fr\/wp-json\/wp\/v2\/users\/1"}],"replies":[{"embeddable":true,"href":"https:\/\/www.flavouredspirits.com\/fr\/wp-json\/wp\/v2\/comments?post=386"}],"version-history":[{"count":14,"href":"https:\/\/www.flavouredspirits.com\/fr\/wp-json\/wp\/v2\/pages\/386\/revisions"}],"predecessor-version":[{"id":884,"href":"https:\/\/www.flavouredspirits.com\/fr\/wp-json\/wp\/v2\/pages\/386\/revisions\/884"}],"wp:attachment":[{"href":"https:\/\/www.flavouredspirits.com\/fr\/wp-json\/wp\/v2\/media?parent=386"}],"curies":[{"name":"wp","href":"https:\/\/api.w.org\/{rel}","templated":true}]}}